{"id":31736,"date":"2025-06-12T14:44:22","date_gmt":"2025-06-12T20:44:22","guid":{"rendered":"https:\/\/www.iis.unam.mx\/blog\/?page_id=31736"},"modified":"2025-06-12T15:36:46","modified_gmt":"2025-06-12T21:36:46","slug":"mesa-web","status":"publish","type":"page","link":"https:\/\/www.iis.unam.mx\/blog\/mesa-web\/","title":{"rendered":"MESA &#8211; web"},"content":{"rendered":"\t\t<div data-elementor-type=\"wp-page\" data-elementor-id=\"31736\" class=\"elementor elementor-31736\">\n\t\t\t\t<div class=\"elementor-element elementor-element-38af51f e-con-full e-flex e-con e-parent\" data-id=\"38af51f\" data-element_type=\"container\">\n\t\t\t\t<div class=\"elementor-element elementor-element-e6a4c2c premium-blog-align-center premium-blog__carousel-yes elementor-widget elementor-widget-premium-addon-blog\" data-id=\"e6a4c2c\" data-element_type=\"widget\" data-settings=\"{&quot;force_height&quot;:&quot;true&quot;,&quot;premium_blog_columns_number&quot;:&quot;25%&quot;,&quot;premium_blog_carousel&quot;:&quot;yes&quot;,&quot;premium_blog_grid&quot;:&quot;yes&quot;,&quot;premium_blog_layout&quot;:&quot;even&quot;,&quot;premium_blog_columns_number_tablet&quot;:&quot;50%&quot;,&quot;premium_blog_columns_number_mobile&quot;:&quot;100%&quot;,&quot;carousel_speed&quot;:300,&quot;premium_blog_carousel_spacing&quot;:&quot;15&quot;,&quot;premium_blog_carousel_arrows&quot;:&quot;yes&quot;,&quot;arrows_position&quot;:&quot;default&quot;}\" data-widget_type=\"premium-addon-blog.default\">\n\t\t\t\t<div class=\"elementor-widget-container\">\n\t\t\t\t\t\r\n\t\t\r\n\r\n\t\t\t\t<div class=\"premium-blog-wrap  premium-blog-even premium-carousel-hidden\" data-page=\"31736\">\r\n\t\t\t\t\t\t\t\t\t<div class=\"premium-blog-post-outer-container\" data-total=\"1\">\r\n\t\t\t<div class=\"premium-blog-post-container premium-blog-skin-classic\">\r\n\t\t\t\t\t\t\t\t\t<div class=\"premium-blog-thumb-effect-wrapper\">\r\n\t\t\t\t\t\t<div class=\"premium-blog-thumbnail-container premium-blog-zoomin-effect\">\r\n\t\t\t\t\t\t\t<img fetchpriority=\"high\" decoding=\"async\" width=\"2560\" height=\"1342\" src=\"https:\/\/www.iis.unam.mx\/blog\/wp-content\/uploads\/2026\/02\/Infografia_Derecho_Alimentacion_3_page-0001-Copy-scaled.jpg\" class=\"attachment-full size-full wp-image-32379\" alt=\"\" srcset=\"https:\/\/www.iis.unam.mx\/blog\/wp-content\/uploads\/2026\/02\/Infografia_Derecho_Alimentacion_3_page-0001-Copy-scaled.jpg 2560w, https:\/\/www.iis.unam.mx\/blog\/wp-content\/uploads\/2026\/02\/Infografia_Derecho_Alimentacion_3_page-0001-Copy-300x157.jpg 300w, https:\/\/www.iis.unam.mx\/blog\/wp-content\/uploads\/2026\/02\/Infografia_Derecho_Alimentacion_3_page-0001-Copy-1024x537.jpg 1024w, https:\/\/www.iis.unam.mx\/blog\/wp-content\/uploads\/2026\/02\/Infografia_Derecho_Alimentacion_3_page-0001-Copy-768x403.jpg 768w, https:\/\/www.iis.unam.mx\/blog\/wp-content\/uploads\/2026\/02\/Infografia_Derecho_Alimentacion_3_page-0001-Copy-1536x805.jpg 1536w, https:\/\/www.iis.unam.mx\/blog\/wp-content\/uploads\/2026\/02\/Infografia_Derecho_Alimentacion_3_page-0001-Copy-2048x1074.jpg 2048w\" sizes=\"(max-width: 2560px) 100vw, 2560px\" \/>\t\t\t\t\t\t<\/div>\r\n\t\t\t\t\t\t\t\t\t\t\t\t\t<div class=\"premium-blog-thumbnail-overlay\">\r\n\t\t\t\t\t\t\t\t<a class=\"elementor-icon\" href=\"https:\/\/www.iis.unam.mx\/blog\/consideraciones-sobre-el-derecho-a-la-alimentacion-en-el-mundo\/\" target=\"_blank\"><\/a>\r\n\t\t\t\t\t\t\t<\/div>\r\n\r\n\t\t\t\t\t\t\t\t\t\t\t\t\t\t\t\t\t\t<\/div>\r\n\t\t\t\t\t\t\t\t\t\t\t\t<div class=\"premium-blog-content-wrapper \">\r\n\r\n\t\t\t\t\t<div class=\"premium-blog-inner-container\">\r\n\r\n\t\t\t\t\t\t\t\t\t\t\t\t\t\t<h2 class=\"premium-blog-entry-title\">\r\n\t\t\t<a href=\"https:\/\/www.iis.unam.mx\/blog\/consideraciones-sobre-el-derecho-a-la-alimentacion-en-el-mundo\/\" target=\"_blank\">\r\n\t\t\t\tConsideraciones sobre el Derecho a la alimentaci\u00f3n en el mundo\t\t\t<\/a>\r\n\t\t<\/h2>\r\n\t\t\t\t<div class=\"premium-blog-entry-meta\">\r\n\t\t\t\r\n\t\t\t\r\n\t\t\t\t\t\t\t<span class=\"premium-blog-meta-separator\">\u2022<\/span>\r\n\t\t\t\t<div class=\"premium-blog-post-categories premium-blog-meta-data\">\r\n\t\t\t\t\t<i class=\"fa fa-align-left fa-fw\" aria-hidden=\"true\"><\/i>\r\n\t\t\t\t\t<a href=\"https:\/\/www.iis.unam.mx\/blog\/category\/viraliza-los-datos\/infografias\/\" rel=\"category tag\">Infograf\u00edas<\/a>\t\t\t\t<\/div>\r\n\t\t\t\r\n\t\t\t\t\t<\/div>\r\n\t\t\r\n\t\t\t\t\t<\/div>\r\n\r\n\t\t\t\t\t\t\t\t\t\t\r\n\t\t\t\t<\/div>\r\n\t\t\t<\/div>\r\n\t\t<\/div>\r\n\r\n\t\t\t\t<div class=\"premium-blog-post-outer-container\" data-total=\"1\">\r\n\t\t\t<div class=\"premium-blog-post-container premium-blog-skin-classic\">\r\n\t\t\t\t\t\t\t\t\t<div class=\"premium-blog-thumb-effect-wrapper\">\r\n\t\t\t\t\t\t<div class=\"premium-blog-thumbnail-container premium-blog-zoomin-effect\">\r\n\t\t\t\t\t\t\t<img decoding=\"async\" width=\"1445\" height=\"1144\" src=\"https:\/\/www.iis.unam.mx\/blog\/wp-content\/uploads\/2025\/06\/portada-2.jpg\" class=\"attachment-full size-full wp-image-31725\" alt=\"\" srcset=\"https:\/\/www.iis.unam.mx\/blog\/wp-content\/uploads\/2025\/06\/portada-2.jpg 1445w, https:\/\/www.iis.unam.mx\/blog\/wp-content\/uploads\/2025\/06\/portada-2-300x238.jpg 300w, https:\/\/www.iis.unam.mx\/blog\/wp-content\/uploads\/2025\/06\/portada-2-1024x811.jpg 1024w, https:\/\/www.iis.unam.mx\/blog\/wp-content\/uploads\/2025\/06\/portada-2-768x608.jpg 768w\" sizes=\"(max-width: 1445px) 100vw, 1445px\" \/>\t\t\t\t\t\t<\/div>\r\n\t\t\t\t\t\t\t\t\t\t\t\t\t<div class=\"premium-blog-thumbnail-overlay\">\r\n\t\t\t\t\t\t\t\t<a class=\"elementor-icon\" href=\"https:\/\/www.iis.unam.mx\/blog\/impactos-ambientales-de-la-ganaderia-extensiva\/\" target=\"_blank\"><\/a>\r\n\t\t\t\t\t\t\t<\/div>\r\n\r\n\t\t\t\t\t\t\t\t\t\t\t\t\t\t\t\t\t\t<\/div>\r\n\t\t\t\t\t\t\t\t\t\t\t\t<div class=\"premium-blog-content-wrapper \">\r\n\r\n\t\t\t\t\t<div class=\"premium-blog-inner-container\">\r\n\r\n\t\t\t\t\t\t\t\t\t\t\t\t\t\t<h2 class=\"premium-blog-entry-title\">\r\n\t\t\t<a href=\"https:\/\/www.iis.unam.mx\/blog\/impactos-ambientales-de-la-ganaderia-extensiva\/\" target=\"_blank\">\r\n\t\t\t\tImpactos ambientales de la ganader\u00eda extensiva\t\t\t<\/a>\r\n\t\t<\/h2>\r\n\t\t\t\t<div class=\"premium-blog-entry-meta\">\r\n\t\t\t\r\n\t\t\t\r\n\t\t\t\t\t\t\t<span class=\"premium-blog-meta-separator\">\u2022<\/span>\r\n\t\t\t\t<div class=\"premium-blog-post-categories premium-blog-meta-data\">\r\n\t\t\t\t\t<i class=\"fa fa-align-left fa-fw\" aria-hidden=\"true\"><\/i>\r\n\t\t\t\t\t<a href=\"https:\/\/www.iis.unam.mx\/blog\/category\/viraliza-los-datos\/infografias\/\" rel=\"category tag\">Infograf\u00edas<\/a>\t\t\t\t<\/div>\r\n\t\t\t\r\n\t\t\t\t\t<\/div>\r\n\t\t\r\n\t\t\t\t\t<\/div>\r\n\r\n\t\t\t\t\t\t\t\t\t\t\r\n\t\t\t\t<\/div>\r\n\t\t\t<\/div>\r\n\t\t<\/div>\r\n\r\n\t\t\t\t<div class=\"premium-blog-post-outer-container\" data-total=\"1\">\r\n\t\t\t<div class=\"premium-blog-post-container premium-blog-skin-classic\">\r\n\t\t\t\t\t\t\t\t\t<div class=\"premium-blog-thumb-effect-wrapper\">\r\n\t\t\t\t\t\t<div class=\"premium-blog-thumbnail-container premium-blog-zoomin-effect\">\r\n\t\t\t\t\t\t\t<img decoding=\"async\" width=\"1445\" height=\"1144\" src=\"https:\/\/www.iis.unam.mx\/blog\/wp-content\/uploads\/2025\/06\/portada-1.jpg\" class=\"attachment-full size-full wp-image-31711\" alt=\"\" srcset=\"https:\/\/www.iis.unam.mx\/blog\/wp-content\/uploads\/2025\/06\/portada-1.jpg 1445w, https:\/\/www.iis.unam.mx\/blog\/wp-content\/uploads\/2025\/06\/portada-1-300x238.jpg 300w, https:\/\/www.iis.unam.mx\/blog\/wp-content\/uploads\/2025\/06\/portada-1-1024x811.jpg 1024w, https:\/\/www.iis.unam.mx\/blog\/wp-content\/uploads\/2025\/06\/portada-1-768x608.jpg 768w\" sizes=\"(max-width: 1445px) 100vw, 1445px\" \/>\t\t\t\t\t\t<\/div>\r\n\t\t\t\t\t\t\t\t\t\t\t\t\t<div class=\"premium-blog-thumbnail-overlay\">\r\n\t\t\t\t\t\t\t\t<a class=\"elementor-icon\" href=\"https:\/\/www.iis.unam.mx\/blog\/cambio-climatico-maiz-mexico\/\" target=\"_blank\"><\/a>\r\n\t\t\t\t\t\t\t<\/div>\r\n\r\n\t\t\t\t\t\t\t\t\t\t\t\t\t\t\t\t\t\t<\/div>\r\n\t\t\t\t\t\t\t\t\t\t\t\t<div class=\"premium-blog-content-wrapper \">\r\n\r\n\t\t\t\t\t<div class=\"premium-blog-inner-container\">\r\n\r\n\t\t\t\t\t\t\t\t\t\t\t\t\t\t<h2 class=\"premium-blog-entry-title\">\r\n\t\t\t<a href=\"https:\/\/www.iis.unam.mx\/blog\/cambio-climatico-maiz-mexico\/\" target=\"_blank\">\r\n\t\t\t\tEfectos del cambio clim\u00e1tico en el cultivo de ma\u00edz en M\u00e9xico\t\t\t<\/a>\r\n\t\t<\/h2>\r\n\t\t\t\t<div class=\"premium-blog-entry-meta\">\r\n\t\t\t\r\n\t\t\t\r\n\t\t\t\t\t\t\t<span class=\"premium-blog-meta-separator\">\u2022<\/span>\r\n\t\t\t\t<div class=\"premium-blog-post-categories premium-blog-meta-data\">\r\n\t\t\t\t\t<i class=\"fa fa-align-left fa-fw\" aria-hidden=\"true\"><\/i>\r\n\t\t\t\t\t<a href=\"https:\/\/www.iis.unam.mx\/blog\/category\/viraliza-los-datos\/infografias\/\" rel=\"category tag\">Infograf\u00edas<\/a>\t\t\t\t<\/div>\r\n\t\t\t\r\n\t\t\t\t\t<\/div>\r\n\t\t\r\n\t\t\t\t\t<\/div>\r\n\r\n\t\t\t\t\t\t\t\t\t\t\r\n\t\t\t\t<\/div>\r\n\t\t\t<\/div>\r\n\t\t<\/div>\r\n\r\n\t\t\t\t<div class=\"premium-blog-post-outer-container\" data-total=\"1\">\r\n\t\t\t<div class=\"premium-blog-post-container premium-blog-skin-classic\">\r\n\t\t\t\t\t\t\t\t\t<div class=\"premium-blog-thumb-effect-wrapper\">\r\n\t\t\t\t\t\t<div class=\"premium-blog-thumbnail-container premium-blog-zoomin-effect\">\r\n\t\t\t\t\t\t\t<img loading=\"lazy\" decoding=\"async\" width=\"1445\" height=\"1144\" src=\"https:\/\/www.iis.unam.mx\/blog\/wp-content\/uploads\/2025\/06\/portada.jpg\" class=\"attachment-full size-full wp-image-31674\" alt=\"\" srcset=\"https:\/\/www.iis.unam.mx\/blog\/wp-content\/uploads\/2025\/06\/portada.jpg 1445w, https:\/\/www.iis.unam.mx\/blog\/wp-content\/uploads\/2025\/06\/portada-300x238.jpg 300w, https:\/\/www.iis.unam.mx\/blog\/wp-content\/uploads\/2025\/06\/portada-1024x811.jpg 1024w, https:\/\/www.iis.unam.mx\/blog\/wp-content\/uploads\/2025\/06\/portada-768x608.jpg 768w\" sizes=\"(max-width: 1445px) 100vw, 1445px\" \/>\t\t\t\t\t\t<\/div>\r\n\t\t\t\t\t\t\t\t\t\t\t\t\t<div class=\"premium-blog-thumbnail-overlay\">\r\n\t\t\t\t\t\t\t\t<a class=\"elementor-icon\" href=\"https:\/\/www.iis.unam.mx\/blog\/cambio-climatico-cafe\/\" target=\"_blank\"><\/a>\r\n\t\t\t\t\t\t\t<\/div>\r\n\r\n\t\t\t\t\t\t\t\t\t\t\t\t\t\t\t\t\t\t<\/div>\r\n\t\t\t\t\t\t\t\t\t\t\t\t<div class=\"premium-blog-content-wrapper \">\r\n\r\n\t\t\t\t\t<div class=\"premium-blog-inner-container\">\r\n\r\n\t\t\t\t\t\t\t\t\t\t\t\t\t\t<h2 class=\"premium-blog-entry-title\">\r\n\t\t\t<a href=\"https:\/\/www.iis.unam.mx\/blog\/cambio-climatico-cafe\/\" target=\"_blank\">\r\n\t\t\t\tCambio clim\u00e1tico y sus efectos en cultivos estrat\u00e9gicos mexicanos: caf\u00e9\t\t\t<\/a>\r\n\t\t<\/h2>\r\n\t\t\t\t<div class=\"premium-blog-entry-meta\">\r\n\t\t\t\r\n\t\t\t\r\n\t\t\t\t\t\t\t<span class=\"premium-blog-meta-separator\">\u2022<\/span>\r\n\t\t\t\t<div class=\"premium-blog-post-categories premium-blog-meta-data\">\r\n\t\t\t\t\t<i class=\"fa fa-align-left fa-fw\" aria-hidden=\"true\"><\/i>\r\n\t\t\t\t\t<a href=\"https:\/\/www.iis.unam.mx\/blog\/category\/viraliza-los-datos\/infografias\/\" rel=\"category tag\">Infograf\u00edas<\/a>\t\t\t\t<\/div>\r\n\t\t\t\r\n\t\t\t\t\t<\/div>\r\n\t\t\r\n\t\t\t\t\t<\/div>\r\n\r\n\t\t\t\t\t\t\t\t\t\t\r\n\t\t\t\t<\/div>\r\n\t\t\t<\/div>\r\n\t\t<\/div>\r\n\r\n\t\t\t\t\t\t\t<\/div>\r\n\r\n\t\t\r\n\t\t\r\n\t\t\t\t\t\t<\/div>\n\t\t\t\t<\/div>\n\t\t\t\t<\/div>\n\t\t\t\t<\/div>\n\t\t","protected":false},"excerpt":{"rendered":"<p>Cambio clim\u00e1tico y sus efectos en cultivos estrat\u00e9gicos mexicanos: caf\u00e9 \u2022 Infograf\u00edas<\/p>\n","protected":false},"author":1,"featured_media":0,"parent":0,"menu_order":0,"comment_status":"closed","ping_status":"closed","template":"elementor_canvas","meta":{"_acf_changed":false,"ocean_post_layout":"","ocean_both_sidebars_style":"","ocean_both_sidebars_content_width":0,"ocean_both_sidebars_sidebars_width":0,"ocean_sidebar":"","ocean_second_sidebar":"","ocean_disable_margins":"enable","ocean_add_body_class":"","ocean_shortcode_before_top_bar":"","ocean_shortcode_after_top_bar":"","ocean_shortcode_before_header":"","ocean_shortcode_after_header":"","ocean_has_shortcode":"","ocean_shortcode_after_title":"","ocean_shortcode_before_footer_widgets":"","ocean_shortcode_after_footer_widgets":"","ocean_shortcode_before_footer_bottom":"","ocean_shortcode_after_footer_bottom":"","ocean_display_top_bar":"default","ocean_display_header":"default","ocean_header_style":"","ocean_center_header_left_menu":"","ocean_custom_header_template":"","ocean_custom_logo":0,"ocean_custom_retina_logo":0,"ocean_custom_logo_max_width":0,"ocean_custom_logo_tablet_max_width":0,"ocean_custom_logo_mobile_max_width":0,"ocean_custom_logo_max_height":0,"ocean_custom_logo_tablet_max_height":0,"ocean_custom_logo_mobile_max_height":0,"ocean_header_custom_menu":"","ocean_menu_typo_font_family":"","ocean_menu_typo_font_subset":"","ocean_menu_typo_font_size":0,"ocean_menu_typo_font_size_tablet":0,"ocean_menu_typo_font_size_mobile":0,"ocean_menu_typo_font_size_unit":"px","ocean_menu_typo_font_weight":"","ocean_menu_typo_font_weight_tablet":"","ocean_menu_typo_font_weight_mobile":"","ocean_menu_typo_transform":"","ocean_menu_typo_transform_tablet":"","ocean_menu_typo_transform_mobile":"","ocean_menu_typo_line_height":0,"ocean_menu_typo_line_height_tablet":0,"ocean_menu_typo_line_height_mobile":0,"ocean_menu_typo_line_height_unit":"","ocean_menu_typo_spacing":0,"ocean_menu_typo_spacing_tablet":0,"ocean_menu_typo_spacing_mobile":0,"ocean_menu_typo_spacing_unit":"","ocean_menu_link_color":"","ocean_menu_link_color_hover":"","ocean_menu_link_color_active":"","ocean_menu_link_background":"","ocean_menu_link_hover_background":"","ocean_menu_link_active_background":"","ocean_menu_social_links_bg":"","ocean_menu_social_hover_links_bg":"","ocean_menu_social_links_color":"","ocean_menu_social_hover_links_color":"","ocean_disable_title":"default","ocean_disable_heading":"default","ocean_post_title":"","ocean_post_subheading":"","ocean_post_title_style":"","ocean_post_title_background_color":"","ocean_post_title_background":0,"ocean_post_title_bg_image_position":"","ocean_post_title_bg_image_attachment":"","ocean_post_title_bg_image_repeat":"","ocean_post_title_bg_image_size":"","ocean_post_title_height":0,"ocean_post_title_bg_overlay":0.5,"ocean_post_title_bg_overlay_color":"","ocean_disable_breadcrumbs":"default","ocean_breadcrumbs_color":"","ocean_breadcrumbs_separator_color":"","ocean_breadcrumbs_links_color":"","ocean_breadcrumbs_links_hover_color":"","ocean_display_footer_widgets":"default","ocean_display_footer_bottom":"default","ocean_custom_footer_template":"","footnotes":"","_links_to":"","_links_to_target":""},"class_list":["post-31736","page","type-page","status-publish","hentry","entry","has-media"],"acf":[],"yoast_head":"<!-- This site is optimized with the Yoast SEO plugin v26.8 - https:\/\/yoast.com\/product\/yoast-seo-wordpress\/ -->\n<title>MESA - web - Resonancias<\/title>\n<meta name=\"robots\" content=\"index, follow, max-snippet:-1, max-image-preview:large, max-video-preview:-1\" \/>\n<link rel=\"canonical\" href=\"https:\/\/www.iis.unam.mx\/blog\/mesa-web\/\" \/>\n<meta property=\"og:locale\" content=\"es_MX\" \/>\n<meta property=\"og:type\" content=\"article\" \/>\n<meta property=\"og:title\" content=\"MESA - web - Resonancias\" \/>\n<meta property=\"og:description\" content=\"Cambio clim\u00e1tico y sus efectos en cultivos estrat\u00e9gicos mexicanos: caf\u00e9 \u2022 Infograf\u00edas\" \/>\n<meta property=\"og:url\" content=\"https:\/\/www.iis.unam.mx\/blog\/mesa-web\/\" \/>\n<meta property=\"og:site_name\" content=\"Resonancias\" \/>\n<meta property=\"article:publisher\" content=\"https:\/\/www.facebook.com\/IISUNAM\" \/>\n<meta property=\"article:modified_time\" content=\"2025-06-12T21:36:46+00:00\" \/>\n<meta property=\"og:image\" content=\"https:\/\/www.iis.unam.mx\/blog\/wp-content\/uploads\/2025\/06\/portada.jpg\" \/>\n\t<meta property=\"og:image:width\" content=\"1445\" \/>\n\t<meta property=\"og:image:height\" content=\"1144\" \/>\n\t<meta property=\"og:image:type\" content=\"image\/jpeg\" \/>\n<meta name=\"twitter:card\" content=\"summary_large_image\" \/>\n<meta name=\"twitter:site\" content=\"@IISUNAM\" \/>\n<meta name=\"twitter:label1\" content=\"Tiempo de lectura\" \/>\n\t<meta name=\"twitter:data1\" content=\"1 minuto\" \/>\n<script type=\"application\/ld+json\" class=\"yoast-schema-graph\">{\"@context\":\"https:\/\/schema.org\",\"@graph\":[{\"@type\":\"Article\",\"@id\":\"https:\/\/www.iis.unam.mx\/blog\/mesa-web\/#article\",\"isPartOf\":{\"@id\":\"https:\/\/www.iis.unam.mx\/blog\/mesa-web\/\"},\"author\":{\"name\":\"Elena Lazos Chavero,&nbsp;Laura Elena Mart\u00ednez Salvador,&nbsp;Eh\u00e9catl Cabrera&nbsp;and&nbsp;Alan Luna\",\"@id\":\"https:\/\/www.iis.unam.mx\/blog\/#\/schema\/person\/f6c7e6597bcc9fd129fc49b2ab8b7e41\"},\"headline\":\"MESA &#8211; web\",\"datePublished\":\"2025-06-12T20:44:22+00:00\",\"dateModified\":\"2025-06-12T21:36:46+00:00\",\"mainEntityOfPage\":{\"@id\":\"https:\/\/www.iis.unam.mx\/blog\/mesa-web\/\"},\"wordCount\":17,\"publisher\":{\"@id\":\"https:\/\/www.iis.unam.mx\/blog\/#organization\"},\"image\":{\"@id\":\"https:\/\/www.iis.unam.mx\/blog\/mesa-web\/#primaryimage\"},\"thumbnailUrl\":\"https:\/\/www.iis.unam.mx\/blog\/wp-content\/uploads\/2025\/06\/portada.jpg\",\"inLanguage\":\"es\"},{\"@type\":\"WebPage\",\"@id\":\"https:\/\/www.iis.unam.mx\/blog\/mesa-web\/\",\"url\":\"https:\/\/www.iis.unam.mx\/blog\/mesa-web\/\",\"name\":\"MESA - web - Resonancias\",\"isPartOf\":{\"@id\":\"https:\/\/www.iis.unam.mx\/blog\/#website\"},\"primaryImageOfPage\":{\"@id\":\"https:\/\/www.iis.unam.mx\/blog\/mesa-web\/#primaryimage\"},\"image\":{\"@id\":\"https:\/\/www.iis.unam.mx\/blog\/mesa-web\/#primaryimage\"},\"thumbnailUrl\":\"https:\/\/www.iis.unam.mx\/blog\/wp-content\/uploads\/2025\/06\/portada.jpg\",\"datePublished\":\"2025-06-12T20:44:22+00:00\",\"dateModified\":\"2025-06-12T21:36:46+00:00\",\"breadcrumb\":{\"@id\":\"https:\/\/www.iis.unam.mx\/blog\/mesa-web\/#breadcrumb\"},\"inLanguage\":\"es\",\"potentialAction\":[{\"@type\":\"ReadAction\",\"target\":[\"https:\/\/www.iis.unam.mx\/blog\/mesa-web\/\"]}]},{\"@type\":\"ImageObject\",\"inLanguage\":\"es\",\"@id\":\"https:\/\/www.iis.unam.mx\/blog\/mesa-web\/#primaryimage\",\"url\":\"https:\/\/www.iis.unam.mx\/blog\/wp-content\/uploads\/2025\/06\/portada.jpg\",\"contentUrl\":\"https:\/\/www.iis.unam.mx\/blog\/wp-content\/uploads\/2025\/06\/portada.jpg\",\"width\":1445,\"height\":1144},{\"@type\":\"BreadcrumbList\",\"@id\":\"https:\/\/www.iis.unam.mx\/blog\/mesa-web\/#breadcrumb\",\"itemListElement\":[{\"@type\":\"ListItem\",\"position\":1,\"name\":\"Inicio\",\"item\":\"https:\/\/www.iis.unam.mx\/blog\/\"},{\"@type\":\"ListItem\",\"position\":2,\"name\":\"MESA &#8211; web\"}]},{\"@type\":\"WebSite\",\"@id\":\"https:\/\/www.iis.unam.mx\/blog\/#website\",\"url\":\"https:\/\/www.iis.unam.mx\/blog\/\",\"name\":\"Resonancias\",\"description\":\"Blog del Instituto de Investigaciones Sociales de la UNAM\",\"publisher\":{\"@id\":\"https:\/\/www.iis.unam.mx\/blog\/#organization\"},\"potentialAction\":[{\"@type\":\"SearchAction\",\"target\":{\"@type\":\"EntryPoint\",\"urlTemplate\":\"https:\/\/www.iis.unam.mx\/blog\/?s={search_term_string}\"},\"query-input\":{\"@type\":\"PropertyValueSpecification\",\"valueRequired\":true,\"valueName\":\"search_term_string\"}}],\"inLanguage\":\"es\"},{\"@type\":\"Organization\",\"@id\":\"https:\/\/www.iis.unam.mx\/blog\/#organization\",\"name\":\"Instituto de Investigaciones Sociales de la UNAM\",\"alternateName\":\"IIS-UNAM\",\"url\":\"https:\/\/www.iis.unam.mx\/blog\/\",\"logo\":{\"@type\":\"ImageObject\",\"inLanguage\":\"es\",\"@id\":\"https:\/\/www.iis.unam.mx\/blog\/#\/schema\/logo\/image\/\",\"url\":\"https:\/\/www.iis.unam.mx\/blog\/wp-content\/uploads\/2026\/01\/cropped-logo-unam-gris-26.png\",\"contentUrl\":\"https:\/\/www.iis.unam.mx\/blog\/wp-content\/uploads\/2026\/01\/cropped-logo-unam-gris-26.png\",\"width\":1301,\"height\":356,\"caption\":\"Instituto de Investigaciones Sociales de la UNAM\"},\"image\":{\"@id\":\"https:\/\/www.iis.unam.mx\/blog\/#\/schema\/logo\/image\/\"},\"sameAs\":[\"https:\/\/www.facebook.com\/IISUNAM\",\"https:\/\/x.com\/IISUNAM\",\"https:\/\/www.instagram.com\/iisunam\/\",\"https:\/\/www.youtube.com\/user\/canaliisunam\"]},{\"@type\":\"Person\",\"@id\":\"https:\/\/www.iis.unam.mx\/blog\/#\/schema\/person\/f6c7e6597bcc9fd129fc49b2ab8b7e41\",\"name\":\"Elena Lazos Chavero,&nbsp;Laura Elena Mart\u00ednez Salvador,&nbsp;Eh\u00e9catl Cabrera&nbsp;and&nbsp;Alan Luna\",\"image\":{\"@type\":\"ImageObject\",\"inLanguage\":\"es\",\"@id\":\"https:\/\/www.iis.unam.mx\/blog\/#\/schema\/person\/image\/\",\"url\":\"https:\/\/secure.gravatar.com\/avatar\/16475bdc9b8e3a06ac857cba136a8c470e9aa6e0d90eed452542301528bb0ff5?s=96&d=mm&r=g\",\"contentUrl\":\"https:\/\/secure.gravatar.com\/avatar\/16475bdc9b8e3a06ac857cba136a8c470e9aa6e0d90eed452542301528bb0ff5?s=96&d=mm&r=g\",\"caption\":\"Elena Lazos Chavero,&nbsp;Laura Elena Mart\u00ednez Salvador,&nbsp;Eh\u00e9catl Cabrera&nbsp;and&nbsp;Alan Luna\"},\"url\":\"https:\/\/www.iis.unam.mx\/blog\/author\/elazos\/?mab_v3=31661\"}]}<\/script>\n<!-- \/ Yoast SEO plugin. -->","yoast_head_json":{"title":"MESA - web - Resonancias","robots":{"index":"index","follow":"follow","max-snippet":"max-snippet:-1","max-image-preview":"max-image-preview:large","max-video-preview":"max-video-preview:-1"},"canonical":"https:\/\/www.iis.unam.mx\/blog\/mesa-web\/","og_locale":"es_MX","og_type":"article","og_title":"MESA - web - Resonancias","og_description":"Cambio clim\u00e1tico y sus efectos en cultivos estrat\u00e9gicos mexicanos: caf\u00e9 \u2022 Infograf\u00edas","og_url":"https:\/\/www.iis.unam.mx\/blog\/mesa-web\/","og_site_name":"Resonancias","article_publisher":"https:\/\/www.facebook.com\/IISUNAM","article_modified_time":"2025-06-12T21:36:46+00:00","og_image":[{"width":1445,"height":1144,"url":"https:\/\/www.iis.unam.mx\/blog\/wp-content\/uploads\/2025\/06\/portada.jpg","type":"image\/jpeg"}],"twitter_card":"summary_large_image","twitter_site":"@IISUNAM","twitter_misc":{"Tiempo de lectura":"1 minuto"},"schema":{"@context":"https:\/\/schema.org","@graph":[{"@type":"Article","@id":"https:\/\/www.iis.unam.mx\/blog\/mesa-web\/#article","isPartOf":{"@id":"https:\/\/www.iis.unam.mx\/blog\/mesa-web\/"},"author":{"name":"Elena Lazos Chavero,&nbsp;Laura Elena Mart\u00ednez Salvador,&nbsp;Eh\u00e9catl Cabrera&nbsp;and&nbsp;Alan Luna","@id":"https:\/\/www.iis.unam.mx\/blog\/#\/schema\/person\/f6c7e6597bcc9fd129fc49b2ab8b7e41"},"headline":"MESA &#8211; web","datePublished":"2025-06-12T20:44:22+00:00","dateModified":"2025-06-12T21:36:46+00:00","mainEntityOfPage":{"@id":"https:\/\/www.iis.unam.mx\/blog\/mesa-web\/"},"wordCount":17,"publisher":{"@id":"https:\/\/www.iis.unam.mx\/blog\/#organization"},"image":{"@id":"https:\/\/www.iis.unam.mx\/blog\/mesa-web\/#primaryimage"},"thumbnailUrl":"https:\/\/www.iis.unam.mx\/blog\/wp-content\/uploads\/2025\/06\/portada.jpg","inLanguage":"es"},{"@type":"WebPage","@id":"https:\/\/www.iis.unam.mx\/blog\/mesa-web\/","url":"https:\/\/www.iis.unam.mx\/blog\/mesa-web\/","name":"MESA - web - Resonancias","isPartOf":{"@id":"https:\/\/www.iis.unam.mx\/blog\/#website"},"primaryImageOfPage":{"@id":"https:\/\/www.iis.unam.mx\/blog\/mesa-web\/#primaryimage"},"image":{"@id":"https:\/\/www.iis.unam.mx\/blog\/mesa-web\/#primaryimage"},"thumbnailUrl":"https:\/\/www.iis.unam.mx\/blog\/wp-content\/uploads\/2025\/06\/portada.jpg","datePublished":"2025-06-12T20:44:22+00:00","dateModified":"2025-06-12T21:36:46+00:00","breadcrumb":{"@id":"https:\/\/www.iis.unam.mx\/blog\/mesa-web\/#breadcrumb"},"inLanguage":"es","potentialAction":[{"@type":"ReadAction","target":["https:\/\/www.iis.unam.mx\/blog\/mesa-web\/"]}]},{"@type":"ImageObject","inLanguage":"es","@id":"https:\/\/www.iis.unam.mx\/blog\/mesa-web\/#primaryimage","url":"https:\/\/www.iis.unam.mx\/blog\/wp-content\/uploads\/2025\/06\/portada.jpg","contentUrl":"https:\/\/www.iis.unam.mx\/blog\/wp-content\/uploads\/2025\/06\/portada.jpg","width":1445,"height":1144},{"@type":"BreadcrumbList","@id":"https:\/\/www.iis.unam.mx\/blog\/mesa-web\/#breadcrumb","itemListElement":[{"@type":"ListItem","position":1,"name":"Inicio","item":"https:\/\/www.iis.unam.mx\/blog\/"},{"@type":"ListItem","position":2,"name":"MESA &#8211; web"}]},{"@type":"WebSite","@id":"https:\/\/www.iis.unam.mx\/blog\/#website","url":"https:\/\/www.iis.unam.mx\/blog\/","name":"Resonancias","description":"Blog del Instituto de Investigaciones Sociales de la UNAM","publisher":{"@id":"https:\/\/www.iis.unam.mx\/blog\/#organization"},"potentialAction":[{"@type":"SearchAction","target":{"@type":"EntryPoint","urlTemplate":"https:\/\/www.iis.unam.mx\/blog\/?s={search_term_string}"},"query-input":{"@type":"PropertyValueSpecification","valueRequired":true,"valueName":"search_term_string"}}],"inLanguage":"es"},{"@type":"Organization","@id":"https:\/\/www.iis.unam.mx\/blog\/#organization","name":"Instituto de Investigaciones Sociales de la UNAM","alternateName":"IIS-UNAM","url":"https:\/\/www.iis.unam.mx\/blog\/","logo":{"@type":"ImageObject","inLanguage":"es","@id":"https:\/\/www.iis.unam.mx\/blog\/#\/schema\/logo\/image\/","url":"https:\/\/www.iis.unam.mx\/blog\/wp-content\/uploads\/2026\/01\/cropped-logo-unam-gris-26.png","contentUrl":"https:\/\/www.iis.unam.mx\/blog\/wp-content\/uploads\/2026\/01\/cropped-logo-unam-gris-26.png","width":1301,"height":356,"caption":"Instituto de Investigaciones Sociales de la UNAM"},"image":{"@id":"https:\/\/www.iis.unam.mx\/blog\/#\/schema\/logo\/image\/"},"sameAs":["https:\/\/www.facebook.com\/IISUNAM","https:\/\/x.com\/IISUNAM","https:\/\/www.instagram.com\/iisunam\/","https:\/\/www.youtube.com\/user\/canaliisunam"]},{"@type":"Person","@id":"https:\/\/www.iis.unam.mx\/blog\/#\/schema\/person\/f6c7e6597bcc9fd129fc49b2ab8b7e41","name":"Elena Lazos Chavero,&nbsp;Laura Elena Mart\u00ednez Salvador,&nbsp;Eh\u00e9catl Cabrera&nbsp;and&nbsp;Alan Luna","image":{"@type":"ImageObject","inLanguage":"es","@id":"https:\/\/www.iis.unam.mx\/blog\/#\/schema\/person\/image\/","url":"https:\/\/secure.gravatar.com\/avatar\/16475bdc9b8e3a06ac857cba136a8c470e9aa6e0d90eed452542301528bb0ff5?s=96&d=mm&r=g","contentUrl":"https:\/\/secure.gravatar.com\/avatar\/16475bdc9b8e3a06ac857cba136a8c470e9aa6e0d90eed452542301528bb0ff5?s=96&d=mm&r=g","caption":"Elena Lazos Chavero,&nbsp;Laura Elena Mart\u00ednez Salvador,&nbsp;Eh\u00e9catl Cabrera&nbsp;and&nbsp;Alan Luna"},"url":"https:\/\/www.iis.unam.mx\/blog\/author\/elazos\/?mab_v3=31661"}]}},"_links":{"self":[{"href":"https:\/\/www.iis.unam.mx\/blog\/wp-json\/wp\/v2\/pages\/31736","targetHints":{"allow":["GET"]}}],"collection":[{"href":"https:\/\/www.iis.unam.mx\/blog\/wp-json\/wp\/v2\/pages"}],"about":[{"href":"https:\/\/www.iis.unam.mx\/blog\/wp-json\/wp\/v2\/types\/page"}],"author":[{"embeddable":true,"href":"https:\/\/www.iis.unam.mx\/blog\/wp-json\/wp\/v2\/users\/1"}],"replies":[{"embeddable":true,"href":"https:\/\/www.iis.unam.mx\/blog\/wp-json\/wp\/v2\/comments?post=31736"}],"version-history":[{"count":13,"href":"https:\/\/www.iis.unam.mx\/blog\/wp-json\/wp\/v2\/pages\/31736\/revisions"}],"predecessor-version":[{"id":31749,"href":"https:\/\/www.iis.unam.mx\/blog\/wp-json\/wp\/v2\/pages\/31736\/revisions\/31749"}],"wp:attachment":[{"href":"https:\/\/www.iis.unam.mx\/blog\/wp-json\/wp\/v2\/media?parent=31736"}],"curies":[{"name":"wp","href":"https:\/\/api.w.org\/{rel}","templated":true}]}}